{"id":4763,"date":"2020-03-11T13:22:27","date_gmt":"2020-03-11T12:22:27","guid":{"rendered":"https:\/\/www.cp-ag.at\/en\/?page_id=4763"},"modified":"2022-03-02T11:28:19","modified_gmt":"2022-03-02T10:28:19","slug":"emergency-service","status":"publish","type":"page","link":"https:\/\/www.cp-ag.at\/en\/contact\/emergency-service\/","title":{"rendered":"Emergency service"},"content":{"rendered":"\t\t<div data-elementor-type=\"wp-page\" data-elementor-id=\"4763\" class=\"elementor elementor-4763\">\n\t\t\t\t\t\t<div class=\"elementor-inner\">\n\t\t\t\t<div class=\"elementor-section-wrap\">\n\t\t\t\t\t\t\t\t\t<section class=\"elementor-section elementor-top-section elementor-element elementor-element-6ccac14 elementor-section-height-min-height elementor-section-items-top elementor-section-boxed elementor-section-height-default\" data-id=\"6ccac14\" data-element_type=\"section\" data-settings=\"{&quot;background_background&quot;:&quot;classic&quot;}\">\n\t\t\t\t\t\t\t<div class=\"elementor-background-overlay\"><\/div>\n\t\t\t\t\t\t\t<div class=\"elementor-container elementor-column-gap-no\">\n\t\t\t\t\t\t\t<div class=\"elementor-row\">\n\t\t\t\t\t<div class=\"elementor-column elementor-col-100 elementor-top-column elementor-element elementor-element-024bee1\" data-id=\"024bee1\" data-element_type=\"column\" data-settings=\"{&quot;background_background&quot;:&quot;classic&quot;}\">\n\t\t\t<div class=\"elementor-column-wrap elementor-element-populated\">\n\t\t\t\t\t\t\t<div class=\"elementor-widget-wrap\">\n\t\t\t\t\t\t<div class=\"elementor-element elementor-element-de0d6f6 hide-on-object-filter-active elementor-widget elementor-widget-heading\" data-id=\"de0d6f6\" data-element_type=\"widget\" data-widget_type=\"heading.default\">\n\t\t\t\t<div class=\"elementor-widget-container\">\n\t\t\t<h1 class=\"elementor-heading-title elementor-size-default\">Emergency service<\/h1>\t\t<\/div>\n\t\t\t\t<\/div>\n\t\t\t\t<div class=\"elementor-element elementor-element-dbd48e3 elementor-align-center elementor-absolute elementor-hidden-phone elementor-hidden-tablet elementor-widget elementor-widget-button\" data-id=\"dbd48e3\" data-element_type=\"widget\" data-settings=\"{&quot;_position&quot;:&quot;absolute&quot;}\" data-widget_type=\"button.default\">\n\t\t\t\t<div class=\"elementor-widget-container\">\n\t\t\t\t\t<div class=\"elementor-button-wrapper\">\n\t\t\t<a href=\"#\" class=\"elementor-button-link elementor-button elementor-size-md\" role=\"button\">\n\t\t\t\t\t\t<span class=\"elementor-button-content-wrapper\">\n\t\t\t\t\t\t\t<span class=\"elementor-button-icon elementor-align-icon-left\">\n\t\t\t\t<svg xmlns=\"http:\/\/www.w3.org\/2000\/svg\" id=\"Gruppe_8\" data-name=\"Gruppe 8\" width=\"32.132\" height=\"46.962\" viewBox=\"0 0 32.132 46.962\"><g id=\"Gruppe_6\" data-name=\"Gruppe 6\" transform=\"translate(0 0)\"><path id=\"Pfad_5\" data-name=\"Pfad 5\" d=\"M32.132,11.073V0L16.066,16.066,0,0V11.073L16.066,27.139Z\" fill=\"#477aaf\"><\/path><path id=\"Pfad_6\" data-name=\"Pfad 6\" d=\"M32.132,11.073V0L16.066,16.066,0,0V11.073L16.066,27.139Z\" transform=\"translate(0 19.823)\" fill=\"#477aaf\"><\/path><\/g><\/svg>\t\t\t<\/span>\n\t\t\t\t\t\t<span class=\"elementor-button-text\">Hier Klicken<\/span>\n\t\t<\/span>\n\t\t\t\t\t<\/a>\n\t\t<\/div>\n\t\t\t\t<\/div>\n\t\t\t\t<\/div>\n\t\t\t\t\t\t<\/div>\n\t\t\t\t\t<\/div>\n\t\t<\/div>\n\t\t\t\t\t\t\t\t<\/div>\n\t\t\t\t\t<\/div>\n\t\t<\/section>\n\t\t\t\t<section class=\"elementor-section elementor-top-section elementor-element elementor-element-3f0625e elementor-section-boxed elementor-section-height-default elementor-section-height-default\" data-id=\"3f0625e\" data-element_type=\"section\">\n\t\t\t\t\t\t<div class=\"elementor-container elementor-column-gap-default\">\n\t\t\t\t\t\t\t<div class=\"elementor-row\">\n\t\t\t\t\t<div class=\"elementor-column elementor-col-100 elementor-top-column elementor-element elementor-element-99717d5\" data-id=\"99717d5\" data-element_type=\"column\">\n\t\t\t<div class=\"elementor-column-wrap elementor-element-populated\">\n\t\t\t\t\t\t\t<div class=\"elementor-widget-wrap\">\n\t\t\t\t\t\t<div class=\"elementor-element elementor-element-6a814c3 elementor-widget elementor-widget-heading\" data-id=\"6a814c3\" data-element_type=\"widget\" data-widget_type=\"heading.default\">\n\t\t\t\t<div class=\"elementor-widget-container\">\n\t\t\t<h2 class=\"elementor-heading-title elementor-size-default\">The right number<\/h2>\t\t<\/div>\n\t\t\t\t<\/div>\n\t\t\t\t<div class=\"elementor-element elementor-element-7c5ee04 elementor-widget elementor-widget-heading\" data-id=\"7c5ee04\" data-element_type=\"widget\" data-widget_type=\"heading.default\">\n\t\t\t\t<div class=\"elementor-widget-container\">\n\t\t\t<div class=\"elementor-heading-title elementor-size-default\">for every request<\/div>\t\t<\/div>\n\t\t\t\t<\/div>\n\t\t\t\t\t\t<\/div>\n\t\t\t\t\t<\/div>\n\t\t<\/div>\n\t\t\t\t\t\t\t\t<\/div>\n\t\t\t\t\t<\/div>\n\t\t<\/section>\n\t\t\t\t<section class=\"elementor-section elementor-top-section elementor-element elementor-element-9580aed elementor-section-boxed elementor-section-height-default elementor-section-height-default\" data-id=\"9580aed\" data-element_type=\"section\">\n\t\t\t\t\t\t<div class=\"elementor-container elementor-column-gap-default\">\n\t\t\t\t\t\t\t<div class=\"elementor-row\">\n\t\t\t\t\t<div class=\"elementor-column elementor-col-100 elementor-top-column elementor-element elementor-element-978764e\" data-id=\"978764e\" data-element_type=\"column\">\n\t\t\t<div class=\"elementor-column-wrap elementor-element-populated\">\n\t\t\t\t\t\t\t<div class=\"elementor-widget-wrap\">\n\t\t\t\t\t\t<div class=\"elementor-element elementor-element-7442bd5 elementor-widget elementor-widget-text-editor\" data-id=\"7442bd5\" data-element_type=\"widget\" data-widget_type=\"text-editor.default\">\n\t\t\t\t<div class=\"elementor-widget-container\">\n\t\t\t\t\t\t\t\t<div class=\"elementor-text-editor elementor-clearfix\">\n\t\t\t\t<p>You will find us at several locations in Austria and Germany: Whether at our headquarters in the Styrian heart of Graz, in Vienna, Klagenfurt or Berlin.<\/p>\t\t\t\t\t<\/div>\n\t\t\t\t\t\t<\/div>\n\t\t\t\t<\/div>\n\t\t\t\t\t\t<\/div>\n\t\t\t\t\t<\/div>\n\t\t<\/div>\n\t\t\t\t\t\t\t\t<\/div>\n\t\t\t\t\t<\/div>\n\t\t<\/section>\n\t\t\t\t<section class=\"elementor-section elementor-top-section elementor-element elementor-element-d4529f4 elementor-section-boxed elementor-section-height-default elementor-section-height-default\" data-id=\"d4529f4\" data-element_type=\"section\">\n\t\t\t\t\t\t<div class=\"elementor-container elementor-column-gap-default\">\n\t\t\t\t\t\t\t<div class=\"elementor-row\">\n\t\t\t\t\t<div class=\"elementor-column elementor-col-100 elementor-top-column elementor-element elementor-element-bdee5cc\" data-id=\"bdee5cc\" data-element_type=\"column\">\n\t\t\t<div class=\"elementor-column-wrap elementor-element-populated\">\n\t\t\t\t\t\t\t<div class=\"elementor-widget-wrap\">\n\t\t\t\t\t\t<div class=\"elementor-element elementor-element-58765e6 elementor-widget elementor-widget-accordion\" data-id=\"58765e6\" data-element_type=\"widget\" data-widget_type=\"accordion.default\">\n\t\t\t\t<div class=\"elementor-widget-container\">\n\t\t\t\t\t<div class=\"elementor-accordion\" role=\"tablist\">\n\t\t\t\t\t\t\t<div class=\"elementor-accordion-item\">\n\t\t\t\t\t<div id=\"elementor-tab-title-9271\" class=\"elementor-tab-title\" data-tab=\"1\" role=\"tab\" aria-controls=\"elementor-tab-content-9271\" aria-expanded=\"false\">\n\t\t\t\t\t\t\t\t\t\t\t\t\t<span class=\"elementor-accordion-icon elementor-accordion-icon-left\" aria-hidden=\"true\">\n\t\t\t\t\t\t\t\t\t\t\t\t\t\t\t<span class=\"elementor-accordion-icon-closed\"><svg xmlns=\"http:\/\/www.w3.org\/2000\/svg\" width=\"18.674\" height=\"27.293\" viewBox=\"0 0 18.674 27.293\"><g id=\"Gruppe_8\" data-name=\"Gruppe 8\" transform=\"translate(18.674 27.293) rotate(180)\"><g id=\"Gruppe_6\" data-name=\"Gruppe 6\" transform=\"translate(0 0)\"><path id=\"Pfad_5\" data-name=\"Pfad 5\" d=\"M18.674,9.337v6.435L9.337,6.435,0,15.773V9.337L9.337,0Z\" transform=\"translate(0 11.521)\" fill=\"#0274ae\"><\/path><path id=\"Pfad_6\" data-name=\"Pfad 6\" d=\"M18.674,9.337v6.435L9.337,6.436,0,15.773V9.337L9.337,0Z\" fill=\"#0274ae\"><\/path><\/g><\/g><\/svg><\/span>\n\t\t\t\t\t\t\t\t<span class=\"elementor-accordion-icon-opened\"><svg xmlns=\"http:\/\/www.w3.org\/2000\/svg\" id=\"Gruppe_8\" data-name=\"Gruppe 8\" width=\"18.674\" height=\"27.293\" viewBox=\"0 0 18.674 27.293\"><g id=\"Gruppe_6\" data-name=\"Gruppe 6\" transform=\"translate(0 0)\"><path id=\"Pfad_5\" data-name=\"Pfad 5\" d=\"M18.674,9.337v6.435L9.337,6.435,0,15.773V9.337L9.337,0Z\" transform=\"translate(0 11.521)\" fill=\"#0274ae\"><\/path><path id=\"Pfad_6\" data-name=\"Pfad 6\" d=\"M18.674,9.337v6.435L9.337,6.436,0,15.773V9.337L9.337,0Z\" fill=\"#0274ae\"><\/path><\/g><\/svg><\/span>\n\t\t\t\t\t\t\t\t\t\t\t\t\t\t<\/span>\n\t\t\t\t\t\t\t\t\t\t\t\t<a class=\"elementor-accordion-title\" href=\"\">Emergency numbers for Styria<\/a>\n\t\t\t\t\t<\/div>\n\t\t\t\t\t<div id=\"elementor-tab-content-9271\" class=\"elementor-tab-content elementor-clearfix\" data-tab=\"1\" role=\"tabpanel\" aria-labelledby=\"elementor-tab-title-9271\"><div class=\"download\"><a href=\"https:\/\/www.cp-ag.at\/en\/wp-content\/uploads\/sites\/6\/2021\/12\/Notrufnummernliste-STEIERMARK.pdf\" target=\"_blank\" rel=\"noopener\">Emergency numbers<\/a><\/div>\n\n<div class=\"download\"><a href=\"https:\/\/www.cp-ag.at\/wp-content\/uploads\/2021\/12\/Notrufnummernliste-BRAUQUARTIER.pdf\" target=\"_blank\" rel=\"noopener\">Emergency numbers Brauquartier<\/a><\/div>\n\n<div class=\"download\"><a href=\"https:\/\/www.cp-ag.at\/wp-content\/uploads\/2021\/12\/Notrufnummernliste-Quartier-4.pdf\" target=\"_blank\" rel=\"noopener\">Emergency numbers Quartier 4<\/a><\/div>\n\n<div class=\"download\"><a href=\"https:\/\/www.cp-ag.at\/wp-content\/uploads\/2021\/12\/Notrufnummernliste-Gralla.pdf\" target=\"_blank\" rel=\"noopener\">Emergency numbers Gralla<\/a><\/div><\/div>\n\t\t\t\t<\/div>\n\t\t\t\t\t\t\t<div class=\"elementor-accordion-item\">\n\t\t\t\t\t<div id=\"elementor-tab-title-9272\" class=\"elementor-tab-title\" data-tab=\"2\" role=\"tab\" aria-controls=\"elementor-tab-content-9272\" aria-expanded=\"false\">\n\t\t\t\t\t\t\t\t\t\t\t\t\t<span class=\"elementor-accordion-icon elementor-accordion-icon-left\" aria-hidden=\"true\">\n\t\t\t\t\t\t\t\t\t\t\t\t\t\t\t<span class=\"elementor-accordion-icon-closed\"><svg xmlns=\"http:\/\/www.w3.org\/2000\/svg\" width=\"18.674\" height=\"27.293\" viewBox=\"0 0 18.674 27.293\"><g id=\"Gruppe_8\" data-name=\"Gruppe 8\" transform=\"translate(18.674 27.293) rotate(180)\"><g id=\"Gruppe_6\" data-name=\"Gruppe 6\" transform=\"translate(0 0)\"><path id=\"Pfad_5\" data-name=\"Pfad 5\" d=\"M18.674,9.337v6.435L9.337,6.435,0,15.773V9.337L9.337,0Z\" transform=\"translate(0 11.521)\" fill=\"#0274ae\"><\/path><path id=\"Pfad_6\" data-name=\"Pfad 6\" d=\"M18.674,9.337v6.435L9.337,6.436,0,15.773V9.337L9.337,0Z\" fill=\"#0274ae\"><\/path><\/g><\/g><\/svg><\/span>\n\t\t\t\t\t\t\t\t<span class=\"elementor-accordion-icon-opened\"><svg xmlns=\"http:\/\/www.w3.org\/2000\/svg\" id=\"Gruppe_8\" data-name=\"Gruppe 8\" width=\"18.674\" height=\"27.293\" viewBox=\"0 0 18.674 27.293\"><g id=\"Gruppe_6\" data-name=\"Gruppe 6\" transform=\"translate(0 0)\"><path id=\"Pfad_5\" data-name=\"Pfad 5\" d=\"M18.674,9.337v6.435L9.337,6.435,0,15.773V9.337L9.337,0Z\" transform=\"translate(0 11.521)\" fill=\"#0274ae\"><\/path><path id=\"Pfad_6\" data-name=\"Pfad 6\" d=\"M18.674,9.337v6.435L9.337,6.436,0,15.773V9.337L9.337,0Z\" fill=\"#0274ae\"><\/path><\/g><\/svg><\/span>\n\t\t\t\t\t\t\t\t\t\t\t\t\t\t<\/span>\n\t\t\t\t\t\t\t\t\t\t\t\t<a class=\"elementor-accordion-title\" href=\"\">Emergency numbers for Vienna<\/a>\n\t\t\t\t\t<\/div>\n\t\t\t\t\t<div id=\"elementor-tab-content-9272\" class=\"elementor-tab-content elementor-clearfix\" data-tab=\"2\" role=\"tabpanel\" aria-labelledby=\"elementor-tab-title-9272\"><div class=\"download\"><a href=\"https:\/\/www.cp-ag.at\/en\/wp-content\/uploads\/sites\/6\/2022\/03\/Notrufnummernliste_Allgemein.pdf\" target=\"_blank\" rel=\"noopener\">Emergency numbers<\/a><\/div>\n\n<div class=\"download\"><a href=\"https:\/\/www.cp-ag.at\/en\/wp-content\/uploads\/sites\/6\/2022\/03\/Notrufnummernliste_Gewahrleistungshauser.pdf\" target=\"_blank\" rel=\"noopener\">Emergency numbers Gew\u00e4hrleistungsh\u00e4user<\/a><\/div>\n\n\n<div class=\"download\"><a href=\"https:\/\/www.cp-ag.at\/en\/wp-content\/uploads\/sites\/6\/2022\/03\/Notrufnummernliste_Susenbrunnerstrase-11.pdf\" target=\"_blank\" rel=\"noopener\">Emergency numbers S\u00fc\u00dfenbrunnerstra\u00dfe 11<\/a><\/div><\/div>\n\t\t\t\t<\/div>\n\t\t\t\t\t\t\t<div class=\"elementor-accordion-item\">\n\t\t\t\t\t<div id=\"elementor-tab-title-9273\" class=\"elementor-tab-title\" data-tab=\"3\" role=\"tab\" aria-controls=\"elementor-tab-content-9273\" aria-expanded=\"false\">\n\t\t\t\t\t\t\t\t\t\t\t\t\t<span class=\"elementor-accordion-icon elementor-accordion-icon-left\" aria-hidden=\"true\">\n\t\t\t\t\t\t\t\t\t\t\t\t\t\t\t<span class=\"elementor-accordion-icon-closed\"><svg xmlns=\"http:\/\/www.w3.org\/2000\/svg\" width=\"18.674\" height=\"27.293\" viewBox=\"0 0 18.674 27.293\"><g id=\"Gruppe_8\" data-name=\"Gruppe 8\" transform=\"translate(18.674 27.293) rotate(180)\"><g id=\"Gruppe_6\" data-name=\"Gruppe 6\" transform=\"translate(0 0)\"><path id=\"Pfad_5\" data-name=\"Pfad 5\" d=\"M18.674,9.337v6.435L9.337,6.435,0,15.773V9.337L9.337,0Z\" transform=\"translate(0 11.521)\" fill=\"#0274ae\"><\/path><path id=\"Pfad_6\" data-name=\"Pfad 6\" d=\"M18.674,9.337v6.435L9.337,6.436,0,15.773V9.337L9.337,0Z\" fill=\"#0274ae\"><\/path><\/g><\/g><\/svg><\/span>\n\t\t\t\t\t\t\t\t<span class=\"elementor-accordion-icon-opened\"><svg xmlns=\"http:\/\/www.w3.org\/2000\/svg\" id=\"Gruppe_8\" data-name=\"Gruppe 8\" width=\"18.674\" height=\"27.293\" viewBox=\"0 0 18.674 27.293\"><g id=\"Gruppe_6\" data-name=\"Gruppe 6\" transform=\"translate(0 0)\"><path id=\"Pfad_5\" data-name=\"Pfad 5\" d=\"M18.674,9.337v6.435L9.337,6.435,0,15.773V9.337L9.337,0Z\" transform=\"translate(0 11.521)\" fill=\"#0274ae\"><\/path><path id=\"Pfad_6\" data-name=\"Pfad 6\" d=\"M18.674,9.337v6.435L9.337,6.436,0,15.773V9.337L9.337,0Z\" fill=\"#0274ae\"><\/path><\/g><\/svg><\/span>\n\t\t\t\t\t\t\t\t\t\t\t\t\t\t<\/span>\n\t\t\t\t\t\t\t\t\t\t\t\t<a class=\"elementor-accordion-title\" href=\"\">Emergency numbers for Carinthia<\/a>\n\t\t\t\t\t<\/div>\n\t\t\t\t\t<div id=\"elementor-tab-content-9273\" class=\"elementor-tab-content elementor-clearfix\" data-tab=\"3\" role=\"tabpanel\" aria-labelledby=\"elementor-tab-title-9273\"><div class=\"download\"><a href=\"https:\/\/www.cp-ag.at\/en\/aushang_notrufnummern_kaernten_fuer-homepage-2\/\" target=\"_blank\" rel=\"noopener\">Emergency numbers<\/a><\/div><\/div>\n\t\t\t\t<\/div>\n\t\t\t\t\t\t\t\t<\/div>\n\t\t\t\t<\/div>\n\t\t\t\t<\/div>\n\t\t\t\t\t\t<\/div>\n\t\t\t\t\t<\/div>\n\t\t<\/div>\n\t\t\t\t\t\t\t\t<\/div>\n\t\t\t\t\t<\/div>\n\t\t<\/section>\n\t\t\t\t\t\t\t\t\t<\/div>\n\t\t\t<\/div>\n\t\t\t\t\t<\/div>\n\t\t","protected":false},"excerpt":{"rendered":"<p>Emergency service Hier Klicken The right number for every request You will find us at several locations in Austria and Germany: Whether at our headquarters in the Styrian heart of Graz, in Vienna, Klagenfurt or Berlin. Emergency numbers for Styria Emergency numbers Emergency numbers Brauquartier Emergency numbers Quartier 4 Emergency numbers Gralla Emergency numbers for [&hellip;]<\/p>\n","protected":false},"author":6,"featured_media":0,"parent":19,"menu_order":0,"comment_status":"closed","ping_status":"closed","template":"","meta":{"inline_featured_image":false},"yoast_head":"<!-- This site is optimized with the Yoast SEO plugin v20.3 - https:\/\/yoast.com\/wordpress\/plugins\/seo\/ -->\n<title>Emergency service - C&amp;P [EN]<\/title>\n<meta name=\"robots\" content=\"index, follow, max-snippet:-1, max-image-preview:large, max-video-preview:-1\" \/>\n<link rel=\"canonical\" href=\"https:\/\/www.cp-ag.at\/en\/contact\/emergency-service\/\" \/>\n<meta property=\"og:locale\" content=\"en_US\" \/>\n<meta property=\"og:type\" content=\"article\" \/>\n<meta property=\"og:title\" content=\"Emergency service - C&amp;P [EN]\" \/>\n<meta property=\"og:description\" content=\"Emergency service Hier Klicken The right number for every request You will find us at several locations in Austria and Germany: Whether at our headquarters in the Styrian heart of Graz, in Vienna, Klagenfurt or Berlin. Emergency numbers for Styria Emergency numbers Emergency numbers Brauquartier Emergency numbers Quartier 4 Emergency numbers Gralla Emergency numbers for [&hellip;]\" \/>\n<meta property=\"og:url\" content=\"https:\/\/www.cp-ag.at\/en\/contact\/emergency-service\/\" \/>\n<meta property=\"og:site_name\" content=\"C&amp;P [EN]\" \/>\n<meta property=\"article:modified_time\" content=\"2022-03-02T10:28:19+00:00\" \/>\n<meta property=\"og:image\" content=\"https:\/\/www.cp-ag.at\/en\/wp-content\/uploads\/sites\/6\/2020\/05\/CPI-Website-1zu1-shutterstock_1006780723.jpg\" \/>\n\t<meta property=\"og:image:width\" content=\"800\" \/>\n\t<meta property=\"og:image:height\" content=\"800\" \/>\n\t<meta property=\"og:image:type\" content=\"image\/jpeg\" \/>\n<meta name=\"twitter:card\" content=\"summary_large_image\" \/>\n<meta name=\"twitter:image\" content=\"https:\/\/www.cp-ag.at\/en\/wp-content\/uploads\/sites\/6\/2020\/05\/CPI-Website-1zu1-shutterstock_1006780723.jpg\" \/>\n<meta name=\"twitter:label1\" content=\"Est. reading time\" \/>\n\t<meta name=\"twitter:data1\" content=\"1 minute\" \/>\n<script type=\"application\/ld+json\" class=\"yoast-schema-graph\">{\"@context\":\"https:\/\/schema.org\",\"@graph\":[{\"@type\":\"WebPage\",\"@id\":\"https:\/\/www.cp-ag.at\/en\/contact\/emergency-service\/\",\"url\":\"https:\/\/www.cp-ag.at\/en\/contact\/emergency-service\/\",\"name\":\"Emergency service - C&amp;P [EN]\",\"isPartOf\":{\"@id\":\"https:\/\/www.cp-ag.at\/en\/#website\"},\"datePublished\":\"2020-03-11T12:22:27+00:00\",\"dateModified\":\"2022-03-02T10:28:19+00:00\",\"breadcrumb\":{\"@id\":\"https:\/\/www.cp-ag.at\/en\/contact\/emergency-service\/#breadcrumb\"},\"inLanguage\":\"en-US\",\"potentialAction\":[{\"@type\":\"ReadAction\",\"target\":[\"https:\/\/www.cp-ag.at\/en\/contact\/emergency-service\/\"]}]},{\"@type\":\"BreadcrumbList\",\"@id\":\"https:\/\/www.cp-ag.at\/en\/contact\/emergency-service\/#breadcrumb\",\"itemListElement\":[{\"@type\":\"ListItem\",\"position\":1,\"name\":\"Startseite\",\"item\":\"https:\/\/www.cp-ag.at\/en\/\"},{\"@type\":\"ListItem\",\"position\":2,\"name\":\"Contact\",\"item\":\"https:\/\/www.cp-ag.at\/en\/contact\/\"},{\"@type\":\"ListItem\",\"position\":3,\"name\":\"Emergency service\"}]},{\"@type\":\"WebSite\",\"@id\":\"https:\/\/www.cp-ag.at\/en\/#website\",\"url\":\"https:\/\/www.cp-ag.at\/en\/\",\"name\":\"C&amp;P [EN]\",\"description\":\"\",\"publisher\":{\"@id\":\"https:\/\/www.cp-ag.at\/en\/#organization\"},\"potentialAction\":[{\"@type\":\"SearchAction\",\"target\":{\"@type\":\"EntryPoint\",\"urlTemplate\":\"https:\/\/www.cp-ag.at\/en\/?s={search_term_string}\"},\"query-input\":\"required name=search_term_string\"}],\"inLanguage\":\"en-US\"},{\"@type\":\"Organization\",\"@id\":\"https:\/\/www.cp-ag.at\/en\/#organization\",\"name\":\"C&amp;P [EN]\",\"url\":\"https:\/\/www.cp-ag.at\/en\/\",\"logo\":{\"@type\":\"ImageObject\",\"inLanguage\":\"en-US\",\"@id\":\"https:\/\/www.cp-ag.at\/en\/#\/schema\/logo\/image\/\",\"url\":\"https:\/\/www.cp-ag.at\/en\/wp-content\/uploads\/sites\/6\/2021\/04\/cp-logo-color.png\",\"contentUrl\":\"https:\/\/www.cp-ag.at\/en\/wp-content\/uploads\/sites\/6\/2021\/04\/cp-logo-color.png\",\"width\":147,\"height\":136,\"caption\":\"C&amp;P [EN]\"},\"image\":{\"@id\":\"https:\/\/www.cp-ag.at\/en\/#\/schema\/logo\/image\/\"}}]}<\/script>\n<!-- \/ Yoast SEO plugin. -->","yoast_head_json":{"title":"Emergency service - C&amp;P [EN]","robots":{"index":"index","follow":"follow","max-snippet":"max-snippet:-1","max-image-preview":"max-image-preview:large","max-video-preview":"max-video-preview:-1"},"canonical":"https:\/\/www.cp-ag.at\/en\/contact\/emergency-service\/","og_locale":"en_US","og_type":"article","og_title":"Emergency service - C&amp;P [EN]","og_description":"Emergency service Hier Klicken The right number for every request You will find us at several locations in Austria and Germany: Whether at our headquarters in the Styrian heart of Graz, in Vienna, Klagenfurt or Berlin. Emergency numbers for Styria Emergency numbers Emergency numbers Brauquartier Emergency numbers Quartier 4 Emergency numbers Gralla Emergency numbers for [&hellip;]","og_url":"https:\/\/www.cp-ag.at\/en\/contact\/emergency-service\/","og_site_name":"C&amp;P [EN]","article_modified_time":"2022-03-02T10:28:19+00:00","og_image":[{"width":800,"height":800,"url":"https:\/\/www.cp-ag.at\/en\/wp-content\/uploads\/sites\/6\/2020\/05\/CPI-Website-1zu1-shutterstock_1006780723.jpg","type":"image\/jpeg"}],"twitter_card":"summary_large_image","twitter_image":"https:\/\/www.cp-ag.at\/en\/wp-content\/uploads\/sites\/6\/2020\/05\/CPI-Website-1zu1-shutterstock_1006780723.jpg","twitter_misc":{"Est. reading time":"1 minute"},"schema":{"@context":"https:\/\/schema.org","@graph":[{"@type":"WebPage","@id":"https:\/\/www.cp-ag.at\/en\/contact\/emergency-service\/","url":"https:\/\/www.cp-ag.at\/en\/contact\/emergency-service\/","name":"Emergency service - C&amp;P [EN]","isPartOf":{"@id":"https:\/\/www.cp-ag.at\/en\/#website"},"datePublished":"2020-03-11T12:22:27+00:00","dateModified":"2022-03-02T10:28:19+00:00","breadcrumb":{"@id":"https:\/\/www.cp-ag.at\/en\/contact\/emergency-service\/#breadcrumb"},"inLanguage":"en-US","potentialAction":[{"@type":"ReadAction","target":["https:\/\/www.cp-ag.at\/en\/contact\/emergency-service\/"]}]},{"@type":"BreadcrumbList","@id":"https:\/\/www.cp-ag.at\/en\/contact\/emergency-service\/#breadcrumb","itemListElement":[{"@type":"ListItem","position":1,"name":"Startseite","item":"https:\/\/www.cp-ag.at\/en\/"},{"@type":"ListItem","position":2,"name":"Contact","item":"https:\/\/www.cp-ag.at\/en\/contact\/"},{"@type":"ListItem","position":3,"name":"Emergency service"}]},{"@type":"WebSite","@id":"https:\/\/www.cp-ag.at\/en\/#website","url":"https:\/\/www.cp-ag.at\/en\/","name":"C&amp;P [EN]","description":"","publisher":{"@id":"https:\/\/www.cp-ag.at\/en\/#organization"},"potentialAction":[{"@type":"SearchAction","target":{"@type":"EntryPoint","urlTemplate":"https:\/\/www.cp-ag.at\/en\/?s={search_term_string}"},"query-input":"required name=search_term_string"}],"inLanguage":"en-US"},{"@type":"Organization","@id":"https:\/\/www.cp-ag.at\/en\/#organization","name":"C&amp;P [EN]","url":"https:\/\/www.cp-ag.at\/en\/","logo":{"@type":"ImageObject","inLanguage":"en-US","@id":"https:\/\/www.cp-ag.at\/en\/#\/schema\/logo\/image\/","url":"https:\/\/www.cp-ag.at\/en\/wp-content\/uploads\/sites\/6\/2021\/04\/cp-logo-color.png","contentUrl":"https:\/\/www.cp-ag.at\/en\/wp-content\/uploads\/sites\/6\/2021\/04\/cp-logo-color.png","width":147,"height":136,"caption":"C&amp;P [EN]"},"image":{"@id":"https:\/\/www.cp-ag.at\/en\/#\/schema\/logo\/image\/"}}]}},"_links":{"self":[{"href":"https:\/\/www.cp-ag.at\/en\/wp-json\/wp\/v2\/pages\/4763"}],"collection":[{"href":"https:\/\/www.cp-ag.at\/en\/wp-json\/wp\/v2\/pages"}],"about":[{"href":"https:\/\/www.cp-ag.at\/en\/wp-json\/wp\/v2\/types\/page"}],"author":[{"embeddable":true,"href":"https:\/\/www.cp-ag.at\/en\/wp-json\/wp\/v2\/users\/6"}],"replies":[{"embeddable":true,"href":"https:\/\/www.cp-ag.at\/en\/wp-json\/wp\/v2\/comments?post=4763"}],"version-history":[{"count":7,"href":"https:\/\/www.cp-ag.at\/en\/wp-json\/wp\/v2\/pages\/4763\/revisions"}],"predecessor-version":[{"id":35920,"href":"https:\/\/www.cp-ag.at\/en\/wp-json\/wp\/v2\/pages\/4763\/revisions\/35920"}],"up":[{"embeddable":true,"href":"https:\/\/www.cp-ag.at\/en\/wp-json\/wp\/v2\/pages\/19"}],"wp:attachment":[{"href":"https:\/\/www.cp-ag.at\/en\/wp-json\/wp\/v2\/media?parent=4763"}],"curies":[{"name":"wp","href":"https:\/\/api.w.org\/{rel}","templated":true}]}}